{"id":95,"date":"2018-12-15T18:23:01","date_gmt":"2018-12-15T17:23:01","guid":{"rendered":"http:\/\/byg-contractants.fr\/?page_id=95"},"modified":"2019-01-08T22:48:13","modified_gmt":"2019-01-08T21:48:13","slug":"byg-4","status":"publish","type":"page","link":"https:\/\/byg-contractants.fr\/index.php\/byg-4\/","title":{"rendered":"BYG ?"},"content":{"rendered":"\n<p><strong>Byg Contractants<\/strong> est n\u00e9 de la collaboration r\u00e9guli\u00e8re entre un <strong>cabinet d&#8217;architectes<\/strong> et une <strong>agence d&#8217;ing\u00e9nierie<\/strong> sp\u00e9cialis\u00e9e dans le montage d&#8217;op\u00e9ration et la maitrise d&#8217;oeuvre d&#8217;ex\u00e9cution. <\/p>\n\n\n\n<p>Les nombreux projets con\u00e7us et r\u00e9alis\u00e9s en commun ont naturellement conduit leurs dirigeants \u00e0 s&#8217;associer pour cr\u00e9er une structure de <strong>contractance g\u00e9n\u00e9rale<\/strong> leur permettant de proposer \u00e0 leurs clients une offre globale de conception et de r\u00e9alisation de b\u00e2timents neufs ou r\u00e9habilit\u00e9s, livr\u00e9s <strong>cl\u00e9s en main<\/strong>.<br><\/p>\n\n\n\n<p><\/p>\n","protected":false},"excerpt":{"rendered":"<p>Byg Contractants est n\u00e9 de la collaboration r\u00e9guli\u00e8re entre un cabinet d&#8217;architectes et une agence d&#8217;ing\u00e9nierie sp\u00e9cialis\u00e9e dans le montage d&#8217;op\u00e9ration et la maitrise d&#8217;oeuvre d&#8217;ex\u00e9cution. Les nombreux projets con\u00e7us et r\u00e9alis\u00e9s en commun ont naturellement conduit leurs dirigeants \u00e0 s&#8217;associer pour cr\u00e9er une structure de contractance g\u00e9n\u00e9rale leur permettant de proposer \u00e0 leurs clients &hellip; <\/p>\n<p class=\"link-more\"><a href=\"https:\/\/byg-contractants.fr\/index.php\/byg-4\/\" class=\"more-link\">Continue reading<span class=\"screen-reader-text\"> &#8220;BYG ?&#8221;<\/span><\/a><\/p>\n","protected":false},"author":1,"featured_media":0,"parent":0,"menu_order":0,"comment_status":"closed","ping_status":"closed","template":"","meta":[],"_links":{"self":[{"href":"https:\/\/byg-contractants.fr\/index.php\/wp-json\/wp\/v2\/pages\/95"}],"collection":[{"href":"https:\/\/byg-contractants.fr\/index.php\/wp-json\/wp\/v2\/pages"}],"about":[{"href":"https:\/\/byg-contractants.fr\/index.php\/wp-json\/wp\/v2\/types\/page"}],"author":[{"embeddable":true,"href":"https:\/\/byg-contractants.fr\/index.php\/wp-json\/wp\/v2\/users\/1"}],"replies":[{"embeddable":true,"href":"https:\/\/byg-contractants.fr\/index.php\/wp-json\/wp\/v2\/comments?post=95"}],"version-history":[{"count":7,"href":"https:\/\/byg-contractants.fr\/index.php\/wp-json\/wp\/v2\/pages\/95\/revisions"}],"predecessor-version":[{"id":341,"href":"https:\/\/byg-contractants.fr\/index.php\/wp-json\/wp\/v2\/pages\/95\/revisions\/341"}],"wp:attachment":[{"href":"https:\/\/byg-contractants.fr\/index.php\/wp-json\/wp\/v2\/media?parent=95"}],"curies":[{"name":"wp","href":"https:\/\/api.w.org\/{rel}","templated":true}]}}